{"id":12703,"date":"2019-01-08T17:25:07","date_gmt":"2019-01-08T17:25:07","guid":{"rendered":"https:\/\/www.turflexperu.com\/?post_type=product&#038;p=12703"},"modified":"2025-04-01T17:54:26","modified_gmt":"2025-04-01T17:54:26","slug":"mangueras-de-pvc","status":"publish","type":"product","link":"https:\/\/www.acorsaperu.com\/turf\/producto\/mangueras-de-pvc\/","title":{"rendered":"MANGUERAS DE PVC"},"content":{"rendered":"<h3>Mangueras PVC<\/h3>\n<p>Mang. PVC Naranja Pesada SDP :Alta resistencia a la abrasi\u00f3n, tubo liso y cubierta ondulada. Apta para succi\u00f3n y descarga de agua, Paso de polvos y granunlados, alta durabilidad ante clima hostil y resistente a la Transferencia de productos qu\u00edmicos.<br \/>\nMang. PVC Azul Liviana SDL: Mang. usada para la descarga a presi\u00f3n de l\u00edquidos industriales, riego por aspersi\u00f3n de aguas, en servicios de baldeo, labores de construcci\u00f3n, agr\u00edcola, naviera, mineras e industria en general.<br \/>\nMang. PVC Transparente NO T\u00f3xica SDA: Usada en equipos de aspiraci\u00f3n y descarga de productos alimenticios, vinos, cervezas, l\u00e1cteos.<\/p>\n<table style=\"border-collapse: collapse; width: 100%;\" border=\"1\">\n<tbody>\n<tr>\n<td style=\"width: 33.3333%;\"><a href=\"https:\/\/www.turflexperu.com\/wp-content\/uploads\/2019\/01\/Mangueras-PVC-CORRUGADA-DESCARGA-AGUA-AZUL-TURFLEX.jpg\" target=\"_blank\" rel=\"noopener\"><img fetchpriority=\"high\" decoding=\"async\" class=\"alignnone size-full wp-image-12704\" src=\"https:\/\/www.turflexperu.com\/wp-content\/uploads\/2019\/01\/Mangueras-PVC-CORRUGADA-DESCARGA-AGUA-AZUL-TURFLEX.jpg\" alt=\"\" width=\"300\" height=\"300\" srcset=\"https:\/\/www.acorsaperu.com\/turf\/wp-content\/uploads\/2019\/01\/Mangueras-PVC-CORRUGADA-DESCARGA-AGUA-AZUL-TURFLEX.jpg 300w, https:\/\/www.acorsaperu.com\/turf\/wp-content\/uploads\/2019\/01\/Mangueras-PVC-CORRUGADA-DESCARGA-AGUA-AZUL-TURFLEX-100x100.jpg 100w\" sizes=\"(max-width: 300px) 100vw, 300px\" \/><\/a><\/td>\n<td style=\"width: 33.3333%;\"><a href=\"https:\/\/www.turflexperu.com\/wp-content\/uploads\/2019\/01\/Mangueras-PVC-TRENZADO-DE-NYLON-TURFLEX-16.jpg\" target=\"_blank\" rel=\"noopener\"><img decoding=\"async\" class=\"alignnone size-full wp-image-12705\" src=\"https:\/\/www.turflexperu.com\/wp-content\/uploads\/2019\/01\/Mangueras-PVC-TRENZADO-DE-NYLON-TURFLEX-16.jpg\" alt=\"\" width=\"463\" height=\"351\" \/><\/a><\/td>\n<td style=\"width: 33.3333%;\"><a href=\"https:\/\/www.turflexperu.com\/wp-content\/uploads\/2019\/01\/Mangueras-PVC-SANITARIA-TURFLEX-14.jpg\" target=\"_blank\" rel=\"noopener\"><img decoding=\"async\" class=\"alignnone wp-image-12707 size-thumbnail\" src=\"https:\/\/www.turflexperu.com\/wp-content\/uploads\/2019\/01\/Mangueras-PVC-SANITARIA-TURFLEX-14-300x300.jpg\" alt=\"\" width=\"300\" height=\"300\" srcset=\"https:\/\/www.acorsaperu.com\/turf\/wp-content\/uploads\/2019\/01\/Mangueras-PVC-SANITARIA-TURFLEX-14-300x300.jpg 300w, https:\/\/www.acorsaperu.com\/turf\/wp-content\/uploads\/2019\/01\/Mangueras-PVC-SANITARIA-TURFLEX-14-100x100.jpg 100w, https:\/\/www.acorsaperu.com\/turf\/wp-content\/uploads\/2019\/01\/Mangueras-PVC-SANITARIA-TURFLEX-14-333x333.jpg 333w\" sizes=\"(max-width: 300px) 100vw, 300px\" \/><\/a><\/td>\n<\/tr>\n<tr>\n<td style=\"width: 33.3333%;\"><a href=\"https:\/\/www.turflexperu.com\/wp-content\/uploads\/2019\/01\/Mangueras-PVC-DESCARGA-AGUA-AZUL-TURFLEX-20.jpg\" target=\"_blank\" rel=\"noopener\"><img loading=\"lazy\" decoding=\"async\" class=\"alignnone size-full wp-image-12706\" src=\"https:\/\/www.turflexperu.com\/wp-content\/uploads\/2019\/01\/Mangueras-PVC-DESCARGA-AGUA-AZUL-TURFLEX-20.jpg\" alt=\"\" width=\"425\" height=\"302\" \/><\/a><\/td>\n<td style=\"width: 33.3333%;\"><a href=\"https:\/\/www.turflexperu.com\/wp-content\/uploads\/2019\/01\/Manguera-de-Pvc-Descarga-Agua.jpeg\" target=\"_blank\" rel=\"noopener\"><img loading=\"lazy\" decoding=\"async\" class=\"alignnone size-full wp-image-12709\" src=\"https:\/\/www.turflexperu.com\/wp-content\/uploads\/2019\/01\/Manguera-de-Pvc-Descarga-Agua.jpeg\" alt=\"\" width=\"300\" height=\"300\" srcset=\"https:\/\/www.acorsaperu.com\/turf\/wp-content\/uploads\/2019\/01\/Manguera-de-Pvc-Descarga-Agua.jpeg 300w, https:\/\/www.acorsaperu.com\/turf\/wp-content\/uploads\/2019\/01\/Manguera-de-Pvc-Descarga-Agua-100x100.jpeg 100w\" sizes=\"(max-width: 300px) 100vw, 300px\" \/><\/a><\/td>\n<td style=\"width: 33.3333%;\"><a href=\"https:\/\/www.turflexperu.com\/wp-content\/uploads\/2019\/01\/PVC-de-alta-intensidad-de-los-gases-de-la-manguera.png\" target=\"_blank\" rel=\"noopener\"><img loading=\"lazy\" decoding=\"async\" class=\"alignnone size-full wp-image-12710\" src=\"https:\/\/www.turflexperu.com\/wp-content\/uploads\/2019\/01\/PVC-de-alta-intensidad-de-los-gases-de-la-manguera.png\" alt=\"\" width=\"300\" height=\"300\" srcset=\"https:\/\/www.acorsaperu.com\/turf\/wp-content\/uploads\/2019\/01\/PVC-de-alta-intensidad-de-los-gases-de-la-manguera.png 300w, https:\/\/www.acorsaperu.com\/turf\/wp-content\/uploads\/2019\/01\/PVC-de-alta-intensidad-de-los-gases-de-la-manguera-100x100.png 100w\" sizes=\"(max-width: 300px) 100vw, 300px\" \/><\/a><\/td>\n<\/tr>\n<tr>\n<td style=\"width: 33.3333%;\"><a href=\"https:\/\/www.turflexperu.com\/wp-content\/uploads\/2018\/07\/Mangueras-Contra-Incendio-TURFLEX-16.jpg\" target=\"_blank\" rel=\"noopener\"><img loading=\"lazy\" decoding=\"async\" class=\"alignnone size-full wp-image-12699\" src=\"https:\/\/www.turflexperu.com\/wp-content\/uploads\/2018\/07\/Mangueras-Contra-Incendio-TURFLEX-16.jpg\" alt=\"\" width=\"300\" height=\"300\" srcset=\"https:\/\/www.acorsaperu.com\/turf\/wp-content\/uploads\/2018\/07\/Mangueras-Contra-Incendio-TURFLEX-16.jpg 300w, https:\/\/www.acorsaperu.com\/turf\/wp-content\/uploads\/2018\/07\/Mangueras-Contra-Incendio-TURFLEX-16-100x100.jpg 100w\" sizes=\"(max-width: 300px) 100vw, 300px\" \/><\/a><\/td>\n<td style=\"width: 33.3333%;\"><a href=\"https:\/\/www.turflexperu.com\/wp-content\/uploads\/2019\/01\/Manguera-de-PVC-transparente.jpg\" target=\"_blank\" rel=\"noopener\"><img loading=\"lazy\" decoding=\"async\" class=\"alignnone size-full wp-image-12712\" src=\"https:\/\/www.turflexperu.com\/wp-content\/uploads\/2019\/01\/Manguera-de-PVC-transparente.jpg\" alt=\"\" width=\"300\" height=\"300\" srcset=\"https:\/\/www.acorsaperu.com\/turf\/wp-content\/uploads\/2019\/01\/Manguera-de-PVC-transparente.jpg 300w, https:\/\/www.acorsaperu.com\/turf\/wp-content\/uploads\/2019\/01\/Manguera-de-PVC-transparente-100x100.jpg 100w\" sizes=\"(max-width: 300px) 100vw, 300px\" \/><\/a><\/td>\n<td style=\"width: 33.3333%;\"><a href=\"https:\/\/www.turflexperu.com\/wp-content\/uploads\/2019\/01\/Mangueras-de-PVC-con-alambre-de-acero-reforzado.jpg\" target=\"_blank\" rel=\"noopener\"><img loading=\"lazy\" decoding=\"async\" class=\"alignnone size-full wp-image-12713\" src=\"https:\/\/www.turflexperu.com\/wp-content\/uploads\/2019\/01\/Mangueras-de-PVC-con-alambre-de-acero-reforzado.jpg\" alt=\"\" width=\"300\" height=\"300\" srcset=\"https:\/\/www.acorsaperu.com\/turf\/wp-content\/uploads\/2019\/01\/Mangueras-de-PVC-con-alambre-de-acero-reforzado.jpg 300w, https:\/\/www.acorsaperu.com\/turf\/wp-content\/uploads\/2019\/01\/Mangueras-de-PVC-con-alambre-de-acero-reforzado-100x100.jpg 100w\" sizes=\"(max-width: 300px) 100vw, 300px\" \/><\/a><\/td>\n<\/tr>\n<tr>\n<td style=\"width: 33.3333%;\"><a href=\"https:\/\/www.turflexperu.com\/wp-content\/uploads\/2019\/01\/Mangueras-PVC-reforzado-con-fibra.jpg\" target=\"_blank\" rel=\"noopener\"><img loading=\"lazy\" decoding=\"async\" class=\"alignnone size-full wp-image-12727\" src=\"https:\/\/www.turflexperu.com\/wp-content\/uploads\/2019\/01\/Mangueras-PVC-reforzado-con-fibra.jpg\" alt=\"\" width=\"567\" height=\"425\" srcset=\"https:\/\/www.acorsaperu.com\/turf\/wp-content\/uploads\/2019\/01\/Mangueras-PVC-reforzado-con-fibra.jpg 567w, https:\/\/www.acorsaperu.com\/turf\/wp-content\/uploads\/2019\/01\/Mangueras-PVC-reforzado-con-fibra-170x126.jpg 170w\" sizes=\"(max-width: 567px) 100vw, 567px\" \/><\/a><\/td>\n<td style=\"width: 33.3333%;\"><a href=\"https:\/\/www.turflexperu.com\/wp-content\/uploads\/2019\/01\/MANGUERA-PVC-DESCARGA-1.jpe\" target=\"_blank\" rel=\"noopener\"><img loading=\"lazy\" decoding=\"async\" class=\"alignnone size-full wp-image-12726\" src=\"https:\/\/www.turflexperu.com\/wp-content\/uploads\/2019\/01\/MANGUERA-PVC-DESCARGA-1.jpe\" alt=\"\" width=\"236\" height=\"214\" \/><\/a><\/td>\n<td style=\"width: 33.3333%;\"><a href=\"https:\/\/www.turflexperu.com\/wp-content\/uploads\/2019\/01\/Manguera-de-Pvc-Descarga-Agua-1.jpeg\" target=\"_blank\" rel=\"noopener\"><img loading=\"lazy\" decoding=\"async\" class=\"alignnone size-full wp-image-12714\" src=\"https:\/\/www.turflexperu.com\/wp-content\/uploads\/2019\/01\/Manguera-de-Pvc-Descarga-Agua-1.jpeg\" alt=\"\" width=\"300\" height=\"300\" srcset=\"https:\/\/www.acorsaperu.com\/turf\/wp-content\/uploads\/2019\/01\/Manguera-de-Pvc-Descarga-Agua-1.jpeg 300w, https:\/\/www.acorsaperu.com\/turf\/wp-content\/uploads\/2019\/01\/Manguera-de-Pvc-Descarga-Agua-1-100x100.jpeg 100w\" sizes=\"(max-width: 300px) 100vw, 300px\" \/><\/a><\/td>\n<\/tr>\n<\/tbody>\n<\/table>\n<table style=\"border-collapse: collapse; width: 100%;\" border=\"1\">\n<tbody>\n<tr>\n<td style=\"width: 33.3333%;\"><a href=\"https:\/\/www.turflexperu.com\/wp-content\/uploads\/2019\/01\/PVC-CORRUGADO.jpe\" target=\"_blank\" rel=\"noopener\"><img loading=\"lazy\" decoding=\"async\" class=\"alignnone size-full wp-image-12728\" src=\"https:\/\/www.turflexperu.com\/wp-content\/uploads\/2019\/01\/PVC-CORRUGADO.jpe\" alt=\"\" width=\"225\" height=\"225\" srcset=\"https:\/\/www.acorsaperu.com\/turf\/wp-content\/uploads\/2019\/01\/PVC-CORRUGADO.jpe 225w, https:\/\/www.acorsaperu.com\/turf\/wp-content\/uploads\/2019\/01\/PVC-CORRUGADO-100x100.jpe 100w\" sizes=\"(max-width: 225px) 100vw, 225px\" \/><\/a><\/td>\n<td style=\"width: 33.3333%;\"><a href=\"https:\/\/www.turflexperu.com\/wp-content\/uploads\/2019\/01\/PVC-PVC-NARANJA-SUCCION.jpg\" target=\"_blank\" rel=\"noopener\"><img loading=\"lazy\" decoding=\"async\" class=\"alignnone size-full wp-image-12725\" src=\"https:\/\/www.turflexperu.com\/wp-content\/uploads\/2019\/01\/PVC-PVC-NARANJA-SUCCION.jpg\" alt=\"\" width=\"750\" height=\"750\" srcset=\"https:\/\/www.acorsaperu.com\/turf\/wp-content\/uploads\/2019\/01\/PVC-PVC-NARANJA-SUCCION.jpg 750w, https:\/\/www.acorsaperu.com\/turf\/wp-content\/uploads\/2019\/01\/PVC-PVC-NARANJA-SUCCION-100x100.jpg 100w, https:\/\/www.acorsaperu.com\/turf\/wp-content\/uploads\/2019\/01\/PVC-PVC-NARANJA-SUCCION-600x600.jpg 600w, https:\/\/www.acorsaperu.com\/turf\/wp-content\/uploads\/2019\/01\/PVC-PVC-NARANJA-SUCCION-333x333.jpg 333w, https:\/\/www.acorsaperu.com\/turf\/wp-content\/uploads\/2019\/01\/PVC-PVC-NARANJA-SUCCION-300x300.jpg 300w\" sizes=\"(max-width: 750px) 100vw, 750px\" \/><\/a><\/td>\n<td style=\"width: 33.3333%;\"><a href=\"https:\/\/www.turflexperu.com\/wp-content\/uploads\/2019\/01\/Manguera-de-PVC-transparente-1.jpg\" target=\"_blank\" rel=\"noopener\"><img loading=\"lazy\" decoding=\"async\" class=\"alignnone size-full wp-image-12719\" src=\"https:\/\/www.turflexperu.com\/wp-content\/uploads\/2019\/01\/Manguera-de-PVC-transparente-1.jpg\" alt=\"\" width=\"300\" height=\"300\" srcset=\"https:\/\/www.acorsaperu.com\/turf\/wp-content\/uploads\/2019\/01\/Manguera-de-PVC-transparente-1.jpg 300w, https:\/\/www.acorsaperu.com\/turf\/wp-content\/uploads\/2019\/01\/Manguera-de-PVC-transparente-1-100x100.jpg 100w\" sizes=\"(max-width: 300px) 100vw, 300px\" \/><\/a><\/td>\n<\/tr>\n<tr>\n<td style=\"width: 33.3333%;\"><a href=\"https:\/\/www.turflexperu.com\/wp-content\/uploads\/2019\/01\/PVC-de-alta-intensidad-de-los-gases-de-la-manguera-1.png\" target=\"_blank\" rel=\"noopener\"><img loading=\"lazy\" decoding=\"async\" class=\"alignnone size-full wp-image-12717\" src=\"https:\/\/www.turflexperu.com\/wp-content\/uploads\/2019\/01\/PVC-de-alta-intensidad-de-los-gases-de-la-manguera-1.png\" alt=\"\" width=\"300\" height=\"300\" srcset=\"https:\/\/www.acorsaperu.com\/turf\/wp-content\/uploads\/2019\/01\/PVC-de-alta-intensidad-de-los-gases-de-la-manguera-1.png 300w, https:\/\/www.acorsaperu.com\/turf\/wp-content\/uploads\/2019\/01\/PVC-de-alta-intensidad-de-los-gases-de-la-manguera-1-100x100.png 100w\" sizes=\"(max-width: 300px) 100vw, 300px\" \/><\/a><\/td>\n<td style=\"width: 33.3333%;\"><a href=\"https:\/\/www.turflexperu.com\/wp-content\/uploads\/2019\/01\/Mangueras-de-PVC-con-alambre-de-acero-reforzado-1.jpg\" target=\"_blank\" rel=\"noopener\"><img loading=\"lazy\" decoding=\"async\" class=\"alignnone size-full wp-image-12720\" src=\"https:\/\/www.turflexperu.com\/wp-content\/uploads\/2019\/01\/Mangueras-de-PVC-con-alambre-de-acero-reforzado-1.jpg\" alt=\"\" width=\"300\" height=\"300\" srcset=\"https:\/\/www.acorsaperu.com\/turf\/wp-content\/uploads\/2019\/01\/Mangueras-de-PVC-con-alambre-de-acero-reforzado-1.jpg 300w, https:\/\/www.acorsaperu.com\/turf\/wp-content\/uploads\/2019\/01\/Mangueras-de-PVC-con-alambre-de-acero-reforzado-1-100x100.jpg 100w\" sizes=\"(max-width: 300px) 100vw, 300px\" \/><\/a><\/td>\n<td style=\"width: 33.3333%;\"><a href=\"https:\/\/www.turflexperu.com\/wp-content\/uploads\/2019\/01\/Manguera-de-Pvc-Descarga-Agua-2.jpeg\" target=\"_blank\" rel=\"noopener\"><img loading=\"lazy\" decoding=\"async\" class=\"alignnone size-full wp-image-12721\" src=\"https:\/\/www.turflexperu.com\/wp-content\/uploads\/2019\/01\/Manguera-de-Pvc-Descarga-Agua-2.jpeg\" alt=\"\" width=\"300\" height=\"300\" srcset=\"https:\/\/www.acorsaperu.com\/turf\/wp-content\/uploads\/2019\/01\/Manguera-de-Pvc-Descarga-Agua-2.jpeg 300w, https:\/\/www.acorsaperu.com\/turf\/wp-content\/uploads\/2019\/01\/Manguera-de-Pvc-Descarga-Agua-2-100x100.jpeg 100w\" sizes=\"(max-width: 300px) 100vw, 300px\" \/><\/a><\/td>\n<\/tr>\n<tr>\n<td style=\"width: 33.3333%;\"><\/td>\n<td style=\"width: 33.3333%;\"><\/td>\n<td style=\"width: 33.3333%;\"><\/td>\n<\/tr>\n<tr>\n<td style=\"width: 33.3333%;\"><\/td>\n<td style=\"width: 33.3333%;\"><\/td>\n<td style=\"width: 33.3333%;\"><\/td>\n<\/tr>\n<\/tbody>\n<\/table>\n<p>&nbsp;<\/p>\n<p>&nbsp;<\/p>\n<p>&nbsp;<\/p>\n<p>&nbsp;<\/p>\n<p>&nbsp;<\/p>\n","protected":false},"excerpt":{"rendered":"<h3>+51 908-920-548| +51 920-016-424<br \/>\n+51 1 594-7417 | +51 1 759-0662<\/h3>\n<h4><i class=\"fa fa-envelope fa-2x fa-pull-left fa-border\" aria-hidden=\"true\"><\/i><a class=\"o365button\" role=\"link\"><span class=\"ms-font-s ms-font-color-themePrimary\" title=\"ventas@turflexperu.com\">ventas@turflexperu.com<\/span><\/a>\u00a0<a class=\"o365button\" role=\"link\"><span class=\"ms-font-s ms-font-color-themePrimary\" title=\"acorsa.importaciones@gmail.com\">importaciones.turflex@gmail.com<\/span><\/a><\/h4>\n<h3>\n<i class=\"fa fa-phone fa-2x fa-pull-left fa-border\" aria-hidden=\"true\"><\/i><\/h3>\n<p>&nbsp;<\/p>\n<hr \/>\n<h3 class=\"cws_textmodule_title\">Cotizadores de productos DISPONIBLES<\/h3>\n","protected":false},"featured_media":12707,"template":"","meta":{"ocean_post_layout":"","ocean_both_sidebars_style":"","ocean_both_sidebars_content_width":0,"ocean_both_sidebars_sidebars_width":0,"ocean_sidebar":"0","ocean_second_sidebar":"0","ocean_disable_margins":"enable","ocean_add_body_class":"","ocean_shortcode_before_top_bar":"","ocean_shortcode_after_top_bar":"","ocean_shortcode_before_header":"","ocean_shortcode_after_header":"","ocean_has_shortcode":"","ocean_shortcode_after_title":"","ocean_shortcode_before_footer_widgets":"","ocean_shortcode_after_footer_widgets":"","ocean_shortcode_before_footer_bottom":"","ocean_shortcode_after_footer_bottom":"","ocean_display_top_bar":"default","ocean_display_header":"default","ocean_header_style":"","ocean_center_header_left_menu":"0","ocean_custom_header_template":"0","ocean_custom_logo":0,"ocean_custom_retina_logo":0,"ocean_custom_logo_max_width":0,"ocean_custom_logo_tablet_max_width":0,"ocean_custom_logo_mobile_max_width":0,"ocean_custom_logo_max_height":0,"ocean_custom_logo_tablet_max_height":0,"ocean_custom_logo_mobile_max_height":0,"ocean_header_custom_menu":"0","ocean_menu_typo_font_family":"0","ocean_menu_typo_font_subset":"","ocean_menu_typo_font_size":0,"ocean_menu_typo_font_size_tablet":0,"ocean_menu_typo_font_size_mobile":0,"ocean_menu_typo_font_size_unit":"px","ocean_menu_typo_font_weight":"","ocean_menu_typo_font_weight_tablet":"","ocean_menu_typo_font_weight_mobile":"","ocean_menu_typo_transform":"","ocean_menu_typo_transform_tablet":"","ocean_menu_typo_transform_mobile":"","ocean_menu_typo_line_height":0,"ocean_menu_typo_line_height_tablet":0,"ocean_menu_typo_line_height_mobile":0,"ocean_menu_typo_line_height_unit":"","ocean_menu_typo_spacing":0,"ocean_menu_typo_spacing_tablet":0,"ocean_menu_typo_spacing_mobile":0,"ocean_menu_typo_spacing_unit":"","ocean_menu_link_color":"","ocean_menu_link_color_hover":"","ocean_menu_link_color_active":"","ocean_menu_link_background":"","ocean_menu_link_hover_background":"","ocean_menu_link_active_background":"","ocean_menu_social_links_bg":"","ocean_menu_social_hover_links_bg":"","ocean_menu_social_links_color":"","ocean_menu_social_hover_links_color":"","ocean_disable_title":"default","ocean_disable_heading":"default","ocean_post_title":"","ocean_post_subheading":"","ocean_post_title_style":"","ocean_post_title_background_color":"","ocean_post_title_background":0,"ocean_post_title_bg_image_position":"","ocean_post_title_bg_image_attachment":"","ocean_post_title_bg_image_repeat":"","ocean_post_title_bg_image_size":"","ocean_post_title_height":0,"ocean_post_title_bg_overlay":0.5,"ocean_post_title_bg_overlay_color":"","ocean_disable_breadcrumbs":"default","ocean_breadcrumbs_color":"","ocean_breadcrumbs_separator_color":"","ocean_breadcrumbs_links_color":"","ocean_breadcrumbs_links_hover_color":"","ocean_display_footer_widgets":"default","ocean_display_footer_bottom":"default","ocean_custom_footer_template":"0"},"product_brand":[],"product_cat":[349],"product_tag":[],"class_list":{"0":"post-12703","1":"product","2":"type-product","3":"status-publish","4":"has-post-thumbnail","6":"product_cat-mangueras-de-pvc","8":"entry","9":"has-media","11":"first","12":"instock","13":"shipping-taxable","14":"purchasable","15":"product-type-simple","16":"has-product-nav","17":"col","18":"span_1_of_3","19":"owp-content-center","20":"owp-thumbs-layout-horizontal","21":"owp-btn-normal","22":"owp-tabs-layout-horizontal","23":"has-no-thumbnails"},"_links":{"self":[{"href":"https:\/\/www.acorsaperu.com\/turf\/wp-json\/wp\/v2\/product\/12703","targetHints":{"allow":["GET"]}}],"collection":[{"href":"https:\/\/www.acorsaperu.com\/turf\/wp-json\/wp\/v2\/product"}],"about":[{"href":"https:\/\/www.acorsaperu.com\/turf\/wp-json\/wp\/v2\/types\/product"}],"wp:featuredmedia":[{"embeddable":true,"href":"https:\/\/www.acorsaperu.com\/turf\/wp-json\/wp\/v2\/media\/12707"}],"wp:attachment":[{"href":"https:\/\/www.acorsaperu.com\/turf\/wp-json\/wp\/v2\/media?parent=12703"}],"wp:term":[{"taxonomy":"product_brand","embeddable":true,"href":"https:\/\/www.acorsaperu.com\/turf\/wp-json\/wp\/v2\/product_brand?post=12703"},{"taxonomy":"product_cat","embeddable":true,"href":"https:\/\/www.acorsaperu.com\/turf\/wp-json\/wp\/v2\/product_cat?post=12703"},{"taxonomy":"product_tag","embeddable":true,"href":"https:\/\/www.acorsaperu.com\/turf\/wp-json\/wp\/v2\/product_tag?post=12703"}],"curies":[{"name":"wp","href":"https:\/\/api.w.org\/{rel}","templated":true}]}}