{"id":11177,"date":"2018-04-23T14:10:11","date_gmt":"2018-04-23T14:10:11","guid":{"rendered":"https:\/\/turflexperu.com\/?post_type=product&#038;p=11177"},"modified":"2025-04-11T14:33:43","modified_gmt":"2025-04-11T14:33:43","slug":"fajas-transportadoras","status":"publish","type":"product","link":"https:\/\/www.acorsaperu.com\/turf\/producto\/fajas-transportadoras\/","title":{"rendered":"Fajas transportadoras"},"content":{"rendered":"<div id=\"c864\" class=\"csc-default csc-layout-0\">\n<p>Las<a href=\"http:\/\/www.turflexperu.com\" target=\"_blank\" rel=\"noopener\">\u00a0<strong>fajas transportadoras<\/strong><\/a>\u00a0se usan principalmente para transportar materiales granulados, tanto en la industria agr\u00edcola como minera y muchas otras.<\/p>\n<p>Las ventajas que tienen las\u00a0<a href=\"http:\/\/www.turflexperu.com\" target=\"_blank\" rel=\"noopener\"><strong>fajas transportadoras<\/strong><\/a>\u00a0en comparaci\u00f3n con otros sistemas de transporte de materiales (por ejemplo camiones), son las siguientes: permiten el transporte de materiales a gran distancia a un costo por tonelada transportada considerablemente m\u00e1s bajo, se adaptan a cualquier tipo de terreno, tienen una gran capacidad de transporte (hay correas capaces de transportar hasta 20.000 toneladas por hora), permiten transportar una gran variedad de materiales, permiten la carga y descarga en cualquier punto del trazado, se pueden desplazar y no alteran el producto transportado<\/p>\n<p>&nbsp;<\/p>\n<\/div>\n<div id=\"c865\" class=\"csc-default csc-layout-0\">\n<div class=\"csc-textpic-text\">\n<p class=\"bodytext\">Las cintas transportadoras de tela se utilizan para transportar materiales abrasivos pesados \u200b\u200bcomo roca, mineral o grava.\u00a0Las cubiertas de estas cintas transportadoras de tela est\u00e1n hechas de caucho que es extremadamente resistente al desgaste, a la abrasi\u00f3n y al corte.\u00a0Las cintas transportadoras de tela germanBelt\u00ae son antiest\u00e1ticas.\u00a0El bajo alargamiento es una cuesti\u00f3n de rutina para nosotros, ya que expresa nuestras altas exigencias de calidad.\u00a0Nuestras cintas transportadoras de tela est\u00e1n fabricadas en resistencias de hasta 3.150 N \/ mm y anchos de hasta 3.000 mm.<br \/>\nLas cintas transportadoras de tela que est\u00e1n dise\u00f1adas para usos que las exponen a altas cantidades de tensi\u00f3n est\u00e1n disponibles con interruptores.<\/p>\n<table class=\"contenttable\">\n<tbody>\n<tr>\n<td width=\"200\"><b>Campos de aplicaci\u00f3n<\/b><\/td>\n<td><\/td>\n<\/tr>\n<tr>\n<td>\n<ul>\n<li class=\"first\">Canteras de piedra<\/li>\n<li>Canteras de arena<\/li>\n<li>Canteras de grava<\/li>\n<li>F\u00e1bricas de hormig\u00f3n<\/li>\n<li class=\"last\">F\u00e1bricas de cemento<\/li>\n<\/ul>\n<\/td>\n<td>\n<ul>\n<li class=\"first\">Plantas de energ\u00eda<\/li>\n<li>Silos<\/li>\n<li>Fundiciones<\/li>\n<li>Minas de sal<\/li>\n<li class=\"last\">F\u00e1bricas de az\u00facar<\/li>\n<\/ul>\n<\/td>\n<\/tr>\n<\/tbody>\n<\/table>\n<\/div>\n<\/div>\n<div id=\"c866\" class=\"csc-default csc-layout-0\">\n<h2>Gama est\u00e1ndar de cintas transportadoras de tela<\/h2>\n<table class=\"contenttable\" width=\"540\">\n<tbody>\n<tr>\n<td valign=\"top\" width=\"80\"><b>Tipo N \/ mm<\/b><\/td>\n<td valign=\"top\" width=\"32\"><b>200<\/b><\/td>\n<td valign=\"top\" width=\"32\"><b>250<\/b><\/td>\n<td valign=\"top\" width=\"32\"><b>315<\/b><\/td>\n<td valign=\"top\" width=\"32\"><b>400<\/b><\/td>\n<td valign=\"top\" width=\"32\"><b>500<\/b><\/td>\n<td valign=\"top\" width=\"34\"><b>630<\/b><\/td>\n<td valign=\"top\" width=\"34\"><b>800<\/b><\/td>\n<td valign=\"top\" width=\"34\"><b>1000<\/b><\/td>\n<td valign=\"top\" width=\"34\"><b>1250<\/b><\/td>\n<td valign=\"top\" width=\"34\"><b>1600<\/b><\/td>\n<td valign=\"top\" width=\"34\"><b>2000<\/b><\/td>\n<td valign=\"top\" width=\"34\"><b>2500<\/b><\/td>\n<td valign=\"top\" width=\"34\"><b>3150<\/b><\/td>\n<\/tr>\n<tr>\n<td>N\u00famero de<\/td>\n<td>1<\/td>\n<td>1<\/td>\n<td>1<\/td>\n<td>1<\/td>\n<td>1<\/td>\n<td>1<\/td>\n<td>1<\/td>\n<td>1<\/td>\n<td>1<\/td>\n<td>1<\/td>\n<td>1<\/td>\n<td>1<\/td>\n<td>1<\/td>\n<\/tr>\n<tr>\n<td>capas<\/td>\n<td>2<\/td>\n<td>2<\/td>\n<td>2<\/td>\n<td>2<\/td>\n<td>2<\/td>\n<td>2<\/td>\n<td>2<\/td>\n<td>2<\/td>\n<td>2<\/td>\n<td>2<\/td>\n<td>2<\/td>\n<td>2<\/td>\n<td>2<\/td>\n<\/tr>\n<tr>\n<td><\/td>\n<td><\/td>\n<td><\/td>\n<td>3<\/td>\n<td>3<\/td>\n<td>3<\/td>\n<td>3<\/td>\n<td>3<\/td>\n<td>3<\/td>\n<td>3<\/td>\n<td><\/td>\n<td><\/td>\n<td><\/td>\n<td><\/td>\n<\/tr>\n<tr>\n<td><\/td>\n<td><\/td>\n<td><\/td>\n<td><\/td>\n<td><\/td>\n<td><\/td>\n<td>4<\/td>\n<td>4 | 5<\/td>\n<td>4 | 5<\/td>\n<td>4 | 5<\/td>\n<td>4 | 5<\/td>\n<td>4 | 5<\/td>\n<td>4 | 5<\/td>\n<td>5<\/td>\n<\/tr>\n<\/tbody>\n<\/table>\n<table style=\"border-collapse: collapse; width: 100%;\" border=\"1\">\n<tbody>\n<tr>\n<td style=\"width: 33.3333%;\"><a href=\"https:\/\/www.turflexperu.com\/wp-content\/uploads\/2018\/04\/Fajas-Transportadoras-Turflex-Peru-4.jpg\" target=\"_blank\" rel=\"noopener\"><img fetchpriority=\"high\" decoding=\"async\" class=\"alignnone size-full wp-image-12815\" src=\"https:\/\/www.turflexperu.com\/wp-content\/uploads\/2018\/04\/Fajas-Transportadoras-Turflex-Peru-4.jpg\" alt=\"\" width=\"300\" height=\"300\" srcset=\"https:\/\/www.acorsaperu.com\/turf\/wp-content\/uploads\/2018\/04\/Fajas-Transportadoras-Turflex-Peru-4.jpg 300w, https:\/\/www.acorsaperu.com\/turf\/wp-content\/uploads\/2018\/04\/Fajas-Transportadoras-Turflex-Peru-4-100x100.jpg 100w\" sizes=\"(max-width: 300px) 100vw, 300px\" \/><\/a><\/td>\n<td style=\"width: 33.3333%;\"><a href=\"https:\/\/www.turflexperu.com\/wp-content\/uploads\/2018\/04\/Fajas-Transportadoras-Turflex-Peru-6.jpg\" target=\"_blank\" rel=\"noopener\"><img decoding=\"async\" class=\"alignnone size-full wp-image-12817\" src=\"https:\/\/www.turflexperu.com\/wp-content\/uploads\/2018\/04\/Fajas-Transportadoras-Turflex-Peru-6.jpg\" alt=\"\" width=\"300\" height=\"300\" srcset=\"https:\/\/www.acorsaperu.com\/turf\/wp-content\/uploads\/2018\/04\/Fajas-Transportadoras-Turflex-Peru-6.jpg 300w, https:\/\/www.acorsaperu.com\/turf\/wp-content\/uploads\/2018\/04\/Fajas-Transportadoras-Turflex-Peru-6-100x100.jpg 100w\" sizes=\"(max-width: 300px) 100vw, 300px\" \/><\/a><\/td>\n<td style=\"width: 33.3333%;\"><a href=\"https:\/\/www.turflexperu.com\/wp-content\/uploads\/2018\/04\/Fajas-Transportadoras-Turflex-Peru-7.jpg\" target=\"_blank\" rel=\"noopener\"><img decoding=\"async\" class=\"alignnone size-full wp-image-12818\" src=\"https:\/\/www.turflexperu.com\/wp-content\/uploads\/2018\/04\/Fajas-Transportadoras-Turflex-Peru-7.jpg\" alt=\"\" width=\"300\" height=\"300\" srcset=\"https:\/\/www.acorsaperu.com\/turf\/wp-content\/uploads\/2018\/04\/Fajas-Transportadoras-Turflex-Peru-7.jpg 300w, https:\/\/www.acorsaperu.com\/turf\/wp-content\/uploads\/2018\/04\/Fajas-Transportadoras-Turflex-Peru-7-100x100.jpg 100w\" sizes=\"(max-width: 300px) 100vw, 300px\" \/><\/a><\/td>\n<\/tr>\n<tr>\n<td style=\"width: 33.3333%;\"><a href=\"https:\/\/www.turflexperu.com\/wp-content\/uploads\/2018\/04\/Fajas-Transportadoras-Turflex-Peru-5.jpg\" target=\"_blank\" rel=\"noopener\"><img loading=\"lazy\" decoding=\"async\" class=\"alignnone size-full wp-image-12816\" src=\"https:\/\/www.turflexperu.com\/wp-content\/uploads\/2018\/04\/Fajas-Transportadoras-Turflex-Peru-5.jpg\" alt=\"\" width=\"300\" height=\"300\" srcset=\"https:\/\/www.acorsaperu.com\/turf\/wp-content\/uploads\/2018\/04\/Fajas-Transportadoras-Turflex-Peru-5.jpg 300w, https:\/\/www.acorsaperu.com\/turf\/wp-content\/uploads\/2018\/04\/Fajas-Transportadoras-Turflex-Peru-5-100x100.jpg 100w\" sizes=\"(max-width: 300px) 100vw, 300px\" \/><\/a><\/td>\n<td style=\"width: 33.3333%;\"><a href=\"https:\/\/www.turflexperu.com\/wp-content\/uploads\/2018\/04\/Fajas-Transportadoras-Turflex-Peru-9.jpg\" target=\"_blank\" rel=\"noopener\"><img loading=\"lazy\" decoding=\"async\" class=\"alignnone size-full wp-image-12820\" src=\"https:\/\/www.turflexperu.com\/wp-content\/uploads\/2018\/04\/Fajas-Transportadoras-Turflex-Peru-9.jpg\" alt=\"\" width=\"300\" height=\"300\" srcset=\"https:\/\/www.acorsaperu.com\/turf\/wp-content\/uploads\/2018\/04\/Fajas-Transportadoras-Turflex-Peru-9.jpg 300w, https:\/\/www.acorsaperu.com\/turf\/wp-content\/uploads\/2018\/04\/Fajas-Transportadoras-Turflex-Peru-9-100x100.jpg 100w\" sizes=\"(max-width: 300px) 100vw, 300px\" \/><\/a><\/td>\n<td style=\"width: 33.3333%;\"><a href=\"https:\/\/www.turflexperu.com\/wp-content\/uploads\/2018\/04\/Fajas-Transportadoras-Turflex-Peru-12.jpg\" target=\"_blank\" rel=\"noopener\"><img loading=\"lazy\" decoding=\"async\" class=\"alignnone size-full wp-image-12821\" src=\"https:\/\/www.turflexperu.com\/wp-content\/uploads\/2018\/04\/Fajas-Transportadoras-Turflex-Peru-12.jpg\" alt=\"\" width=\"300\" height=\"300\" srcset=\"https:\/\/www.acorsaperu.com\/turf\/wp-content\/uploads\/2018\/04\/Fajas-Transportadoras-Turflex-Peru-12.jpg 300w, https:\/\/www.acorsaperu.com\/turf\/wp-content\/uploads\/2018\/04\/Fajas-Transportadoras-Turflex-Peru-12-100x100.jpg 100w\" sizes=\"(max-width: 300px) 100vw, 300px\" \/><\/a><\/td>\n<\/tr>\n<tr>\n<td style=\"width: 33.3333%;\"><a href=\"https:\/\/www.turflexperu.com\/wp-content\/uploads\/2018\/04\/Fajas-Transportadoras-Turflex-Peru-8.jpg\" target=\"_blank\" rel=\"noopener\"><img loading=\"lazy\" decoding=\"async\" class=\"alignnone size-full wp-image-12819\" src=\"https:\/\/www.turflexperu.com\/wp-content\/uploads\/2018\/04\/Fajas-Transportadoras-Turflex-Peru-8.jpg\" alt=\"\" width=\"300\" height=\"300\" srcset=\"https:\/\/www.acorsaperu.com\/turf\/wp-content\/uploads\/2018\/04\/Fajas-Transportadoras-Turflex-Peru-8.jpg 300w, https:\/\/www.acorsaperu.com\/turf\/wp-content\/uploads\/2018\/04\/Fajas-Transportadoras-Turflex-Peru-8-100x100.jpg 100w\" sizes=\"(max-width: 300px) 100vw, 300px\" \/><\/a><\/td>\n<td style=\"width: 33.3333%;\"><a href=\"https:\/\/www.turflexperu.com\/wp-content\/uploads\/2018\/04\/Fajas-Transportadoras-Turflex-Peru-14.jpg\" target=\"_blank\" rel=\"noopener\"><img loading=\"lazy\" decoding=\"async\" class=\"alignnone size-full wp-image-12823\" src=\"https:\/\/www.turflexperu.com\/wp-content\/uploads\/2018\/04\/Fajas-Transportadoras-Turflex-Peru-14.jpg\" alt=\"\" width=\"300\" height=\"300\" srcset=\"https:\/\/www.acorsaperu.com\/turf\/wp-content\/uploads\/2018\/04\/Fajas-Transportadoras-Turflex-Peru-14.jpg 300w, https:\/\/www.acorsaperu.com\/turf\/wp-content\/uploads\/2018\/04\/Fajas-Transportadoras-Turflex-Peru-14-100x100.jpg 100w\" sizes=\"(max-width: 300px) 100vw, 300px\" \/><\/a><\/td>\n<td style=\"width: 33.3333%;\"><a href=\"https:\/\/www.turflexperu.com\/wp-content\/uploads\/2018\/04\/Fajas-Transportadoras-Turflex-Peru-15.jpg\" target=\"_blank\" rel=\"noopener\"><img loading=\"lazy\" decoding=\"async\" class=\"alignnone size-full wp-image-12824\" src=\"https:\/\/www.turflexperu.com\/wp-content\/uploads\/2018\/04\/Fajas-Transportadoras-Turflex-Peru-15.jpg\" alt=\"\" width=\"300\" height=\"300\" srcset=\"https:\/\/www.acorsaperu.com\/turf\/wp-content\/uploads\/2018\/04\/Fajas-Transportadoras-Turflex-Peru-15.jpg 300w, https:\/\/www.acorsaperu.com\/turf\/wp-content\/uploads\/2018\/04\/Fajas-Transportadoras-Turflex-Peru-15-100x100.jpg 100w\" sizes=\"(max-width: 300px) 100vw, 300px\" \/><\/a><\/td>\n<\/tr>\n<tr>\n<td style=\"width: 33.3333%;\"><a href=\"https:\/\/www.turflexperu.com\/wp-content\/uploads\/2018\/04\/Fajas-Transportadoras-Turflex-Peru.jpg\" target=\"_blank\" rel=\"noopener\"><img loading=\"lazy\" decoding=\"async\" class=\"alignnone size-full wp-image-12825\" src=\"https:\/\/www.turflexperu.com\/wp-content\/uploads\/2018\/04\/Fajas-Transportadoras-Turflex-Peru.jpg\" alt=\"\" width=\"300\" height=\"300\" srcset=\"https:\/\/www.acorsaperu.com\/turf\/wp-content\/uploads\/2018\/04\/Fajas-Transportadoras-Turflex-Peru.jpg 300w, https:\/\/www.acorsaperu.com\/turf\/wp-content\/uploads\/2018\/04\/Fajas-Transportadoras-Turflex-Peru-100x100.jpg 100w\" sizes=\"(max-width: 300px) 100vw, 300px\" \/><\/a><\/td>\n<td style=\"width: 33.3333%;\"><a href=\"https:\/\/www.turflexperu.com\/wp-content\/uploads\/2018\/04\/Fajas-Transportadoras-1.png\" target=\"_blank\" rel=\"noopener\"><img loading=\"lazy\" decoding=\"async\" class=\"alignnone size-full wp-image-12826\" src=\"https:\/\/www.turflexperu.com\/wp-content\/uploads\/2018\/04\/Fajas-Transportadoras-1.png\" alt=\"\" width=\"300\" height=\"300\" srcset=\"https:\/\/www.acorsaperu.com\/turf\/wp-content\/uploads\/2018\/04\/Fajas-Transportadoras-1.png 300w, https:\/\/www.acorsaperu.com\/turf\/wp-content\/uploads\/2018\/04\/Fajas-Transportadoras-1-100x100.png 100w\" sizes=\"(max-width: 300px) 100vw, 300px\" \/><\/a><\/td>\n<td style=\"width: 33.3333%;\"><a href=\"https:\/\/www.turflexperu.com\/wp-content\/uploads\/2018\/04\/Fajas-Transportadoras-Turflex-Peru-13.jpg\" target=\"_blank\" rel=\"noopener\"><img loading=\"lazy\" decoding=\"async\" class=\"alignnone size-full wp-image-12822\" src=\"https:\/\/www.turflexperu.com\/wp-content\/uploads\/2018\/04\/Fajas-Transportadoras-Turflex-Peru-13.jpg\" alt=\"\" width=\"300\" height=\"300\" srcset=\"https:\/\/www.acorsaperu.com\/turf\/wp-content\/uploads\/2018\/04\/Fajas-Transportadoras-Turflex-Peru-13.jpg 300w, https:\/\/www.acorsaperu.com\/turf\/wp-content\/uploads\/2018\/04\/Fajas-Transportadoras-Turflex-Peru-13-100x100.jpg 100w\" sizes=\"(max-width: 300px) 100vw, 300px\" \/><\/a><\/td>\n<\/tr>\n<\/tbody>\n<\/table>\n<\/div>\n<p>&nbsp;<\/p>\n","protected":false},"excerpt":{"rendered":"<p>01 594- 7417 | 01 408- 5015 | +51 961 786 108<\/p>\n<p>+51 994 023 780 | +51 908 920 520<br \/>\n+51 905 437 149 | +51 920 016 424<\/p>\n<h3><\/h3>\n<p>&nbsp;<\/p>\n<h4><i class=\"fa fa-envelope fa-2x fa-pull-left fa-border\" aria-hidden=\"true\"><\/i> <a class=\"o365button\" role=\"link\"><span class=\"ms-font-s ms-font-color-themePrimary\" title=\"ventas@turflexperu.com\">ventas@turflexperu.com<\/span><\/a> <a class=\"o365button\" role=\"link\"><span class=\"ms-font-s ms-font-color-themePrimary\" title=\"acorsa.importaciones@gmail.com\">importaciones.turflex@gmail.com<\/span><\/a><\/h4>\n<p>&nbsp;<\/p>\n<hr \/>\n<h3 class=\"cws_textmodule_title\">Cotizadores de productos DISPONIBLES<\/h3>\n","protected":false},"featured_media":12821,"template":"","meta":{"ocean_post_layout":"","ocean_both_sidebars_style":"","ocean_both_sidebars_content_width":0,"ocean_both_sidebars_sidebars_width":0,"ocean_sidebar":"0","ocean_second_sidebar":"0","ocean_disable_margins":"enable","ocean_add_body_class":"","ocean_shortcode_before_top_bar":"","ocean_shortcode_after_top_bar":"","ocean_shortcode_before_header":"","ocean_shortcode_after_header":"","ocean_has_shortcode":"","ocean_shortcode_after_title":"","ocean_shortcode_before_footer_widgets":"","ocean_shortcode_after_footer_widgets":"","ocean_shortcode_before_footer_bottom":"","ocean_shortcode_after_footer_bottom":"","ocean_display_top_bar":"default","ocean_display_header":"default","ocean_header_style":"","ocean_center_header_left_menu":"0","ocean_custom_header_template":"0","ocean_custom_logo":0,"ocean_custom_retina_logo":0,"ocean_custom_logo_max_width":0,"ocean_custom_logo_tablet_max_width":0,"ocean_custom_logo_mobile_max_width":0,"ocean_custom_logo_max_height":0,"ocean_custom_logo_tablet_max_height":0,"ocean_custom_logo_mobile_max_height":0,"ocean_header_custom_menu":"0","ocean_menu_typo_font_family":"0","ocean_menu_typo_font_subset":"","ocean_menu_typo_font_size":0,"ocean_menu_typo_font_size_tablet":0,"ocean_menu_typo_font_size_mobile":0,"ocean_menu_typo_font_size_unit":"px","ocean_menu_typo_font_weight":"","ocean_menu_typo_font_weight_tablet":"","ocean_menu_typo_font_weight_mobile":"","ocean_menu_typo_transform":"","ocean_menu_typo_transform_tablet":"","ocean_menu_typo_transform_mobile":"","ocean_menu_typo_line_height":0,"ocean_menu_typo_line_height_tablet":0,"ocean_menu_typo_line_height_mobile":0,"ocean_menu_typo_line_height_unit":"","ocean_menu_typo_spacing":0,"ocean_menu_typo_spacing_tablet":0,"ocean_menu_typo_spacing_mobile":0,"ocean_menu_typo_spacing_unit":"","ocean_menu_link_color":"","ocean_menu_link_color_hover":"","ocean_menu_link_color_active":"","ocean_menu_link_background":"","ocean_menu_link_hover_background":"","ocean_menu_link_active_background":"","ocean_menu_social_links_bg":"","ocean_menu_social_hover_links_bg":"","ocean_menu_social_links_color":"","ocean_menu_social_hover_links_color":"","ocean_disable_title":"default","ocean_disable_heading":"default","ocean_post_title":"","ocean_post_subheading":"","ocean_post_title_style":"","ocean_post_title_background_color":"","ocean_post_title_background":0,"ocean_post_title_bg_image_position":"","ocean_post_title_bg_image_attachment":"","ocean_post_title_bg_image_repeat":"","ocean_post_title_bg_image_size":"","ocean_post_title_height":0,"ocean_post_title_bg_overlay":0.5,"ocean_post_title_bg_overlay_color":"","ocean_disable_breadcrumbs":"default","ocean_breadcrumbs_color":"","ocean_breadcrumbs_separator_color":"","ocean_breadcrumbs_links_color":"","ocean_breadcrumbs_links_hover_color":"","ocean_display_footer_widgets":"default","ocean_display_footer_bottom":"default","ocean_custom_footer_template":"0"},"product_brand":[],"product_cat":[333],"product_tag":[],"class_list":{"0":"post-11177","1":"product","2":"type-product","3":"status-publish","4":"has-post-thumbnail","6":"product_cat-fajas-transportadoras-industriales","8":"entry","9":"has-media","11":"first","12":"instock","13":"shipping-taxable","14":"purchasable","15":"product-type-simple","16":"has-product-nav","17":"col","18":"span_1_of_3","19":"owp-content-center","20":"owp-thumbs-layout-horizontal","21":"owp-btn-normal","22":"owp-tabs-layout-horizontal","23":"has-no-thumbnails"},"_links":{"self":[{"href":"https:\/\/www.acorsaperu.com\/turf\/wp-json\/wp\/v2\/product\/11177","targetHints":{"allow":["GET"]}}],"collection":[{"href":"https:\/\/www.acorsaperu.com\/turf\/wp-json\/wp\/v2\/product"}],"about":[{"href":"https:\/\/www.acorsaperu.com\/turf\/wp-json\/wp\/v2\/types\/product"}],"wp:featuredmedia":[{"embeddable":true,"href":"https:\/\/www.acorsaperu.com\/turf\/wp-json\/wp\/v2\/media\/12821"}],"wp:attachment":[{"href":"https:\/\/www.acorsaperu.com\/turf\/wp-json\/wp\/v2\/media?parent=11177"}],"wp:term":[{"taxonomy":"product_brand","embeddable":true,"href":"https:\/\/www.acorsaperu.com\/turf\/wp-json\/wp\/v2\/product_brand?post=11177"},{"taxonomy":"product_cat","embeddable":true,"href":"https:\/\/www.acorsaperu.com\/turf\/wp-json\/wp\/v2\/product_cat?post=11177"},{"taxonomy":"product_tag","embeddable":true,"href":"https:\/\/www.acorsaperu.com\/turf\/wp-json\/wp\/v2\/product_tag?post=11177"}],"curies":[{"name":"wp","href":"https:\/\/api.w.org\/{rel}","templated":true}]}}